{"id":43,"date":"2019-07-05T13:05:45","date_gmt":"2019-07-05T13:05:45","guid":{"rendered":"http:\/\/formacine.com\/cms\/?page_id=43"},"modified":"2023-04-11T17:48:12","modified_gmt":"2023-04-11T17:48:12","slug":"fiebre","status":"publish","type":"page","link":"https:\/\/formacine.com\/en\/catalogo\/fiebre\/","title":{"rendered":"Fever"},"content":{"rendered":"<p>Nino is a spoiled child who despite his mother\u2019s warning, becomes engrossed in a mysterious painting while running a high fever. The ruse that made him fall prey to the painting has been unleashed and Nino loses himself in a maze of images that will only take him further away from his home\u2019s safety. Can Nino go back to his mother? Fever is an amazing journey about growing up in the 21st century.<\/p>\n<p>You can watch the trailer<a href=\"https:\/\/fiebrelapelicula.cl\/en\/teaser\/\"> here<\/a><\/p>\n<p>Original Title: Fiebre<\/p>\n<p>Title: Fever<\/p>\n<p>Genre: Family (G) Adventure<\/p>\n<p>Language:\u00a0Spanish<\/p>\n<p>Subtitles: English<\/p>\n<p>Format: RED Code 5K 16:9<\/p>\n<p>Screening Format: DCP<\/p>\n<p>Technique: Live Action (80%) and Animation (20%)<\/p>\n<p>Duration: 84 minutes<\/p>\n<p>Script and Director:\u00a0<a href=\"https:\/\/formacine.com\/en\/equipo\/directora-elisa-eliash\/\">Elisa Eliash<\/a><\/p>\n<p>Executive Producer:\u00a0<a href=\"https:\/\/formacine.com\/en\/equipo\/clara-taricco-productora\/\">Clara Taricco<\/a><\/p>\n<p>Cinematographer (DoP):\u00a0<a href=\"https:\/\/formacine.com\/en\/equipo\/michelle-bossy-nicolai-dp-y-productora\/\">Michelle Bossy Nicolai<\/a><\/p>\n<p>Art Director: Nicol\u00e1s Superby<\/p>\n<p>Editor: Juan Eduardo Murillo<\/p>\n<p>Sound: C\u00e9sar Centeno and Carlos Arias<\/p>\n<p>Sound Design: David De Luca and Daniel Turini<\/p>\n<p>Production Manager: Gerson Valenzuela<\/p>\n<p>Post-production V\u00e1lvula Films &amp; Mistika Post<\/p>\n<p>Animation:\u00a0 Diego Vizcarra\/ Tenis Estudio\/ Tapel Papiz<\/p>\n<p>Produced by: La Forma Cine, V\u00e1lvula Films (Chile), Films Bastard\u00eda and Tiempo Libre (Per\u00fa) Klaxon (Brazil)<\/p>\n<p><b>CAST<\/b><\/p>\n<p>&nbsp;<\/p>\n<p><span style=\"font-weight: 400;\">Lautaro Cantillana Teke &#8211; NINO<\/span><\/p>\n<p><span style=\"font-weight: 400;\">Macarena Teke &#8211; MOTHER<\/span><\/p>\n<p><span style=\"font-weight: 400;\">Nestor Cantillana &#8211; FATHER<\/span><\/p>\n<p><span style=\"font-weight: 400;\">Nora Catalano &#8211; DINA<\/span><\/p>\n<p><span style=\"font-weight: 400;\">Jos\u00e9 Soza &#8211; TUMU<\/span><\/p>\n<p><span style=\"font-weight: 400;\">Paula Z\u00fa\u00f1iga &#8211; MATU<\/span><\/p>\n<p><span style=\"font-weight: 400;\">Pablo Schwarz &#8211; PAINTER<\/span><\/p>\n<p><span style=\"font-weight: 400;\">Gabriel Urz\u00faa &#8211; IDEAL FATHER<\/span><\/p>\n<p><span style=\"font-weight: 400;\">Tita Iacobelli &#8211; ITALIAN<\/span><\/p>\n<p>&nbsp;<\/p>\n<p>more info at: <a href=\"http:\/\/www.fiebrelapelicula.cl\">www.fiebrelapelicula.cl<\/a><\/p>","protected":false},"excerpt":{"rendered":"<p>Nino is a spoiled child who despite his mother\u2019s warning, becomes engrossed in a mysterious painting while running a high fever. The ruse that made him fall prey to the painting has been unleashed and Nino loses himself in a maze of images that will only take him further away from his home\u2019s safety. Can [&hellip;]<\/p>\n","protected":false},"author":2,"featured_media":442,"parent":41,"menu_order":1,"comment_status":"closed","ping_status":"closed","template":"page-ficha-pelicula.php","meta":{"_acf_changed":false,"footnotes":""},"class_list":["post-43","page","type-page","status-publish","has-post-thumbnail","hentry"],"acf":[],"_links":{"self":[{"href":"https:\/\/formacine.com\/en\/wp-json\/wp\/v2\/pages\/43"}],"collection":[{"href":"https:\/\/formacine.com\/en\/wp-json\/wp\/v2\/pages"}],"about":[{"href":"https:\/\/formacine.com\/en\/wp-json\/wp\/v2\/types\/page"}],"author":[{"embeddable":true,"href":"https:\/\/formacine.com\/en\/wp-json\/wp\/v2\/users\/2"}],"replies":[{"embeddable":true,"href":"https:\/\/formacine.com\/en\/wp-json\/wp\/v2\/comments?post=43"}],"version-history":[{"count":35,"href":"https:\/\/formacine.com\/en\/wp-json\/wp\/v2\/pages\/43\/revisions"}],"predecessor-version":[{"id":444,"href":"https:\/\/formacine.com\/en\/wp-json\/wp\/v2\/pages\/43\/revisions\/444"}],"up":[{"embeddable":true,"href":"https:\/\/formacine.com\/en\/wp-json\/wp\/v2\/pages\/41"}],"wp:featuredmedia":[{"embeddable":true,"href":"https:\/\/formacine.com\/en\/wp-json\/wp\/v2\/media\/442"}],"wp:attachment":[{"href":"https:\/\/formacine.com\/en\/wp-json\/wp\/v2\/media?parent=43"}],"curies":[{"name":"wp","href":"https:\/\/api.w.org\/{rel}","templated":true}]}}