{"id":430,"date":"2022-08-26T01:06:55","date_gmt":"2022-08-26T01:06:55","guid":{"rendered":"https:\/\/formacine.com\/?page_id=430"},"modified":"2024-08-30T15:10:25","modified_gmt":"2024-08-30T15:10:25","slug":"memory","status":"publish","type":"page","link":"https:\/\/formacine.com\/en\/catalogo\/memory\/","title":{"rendered":"Memory"},"content":{"rendered":"<p>Despu\u00e9s de meses de clases telem\u00e1ticas, Ema se reencontrar\u00e1 con sus amigos y compa\u00f1eras de clase en un acto del colegio. Acto en el que debe presentar a la persona adulta a la que m\u00e1s admira: su abuela. Todo va bien, hasta que se queda en blanco. Se olvida de todo. De lo que tiene que decir, de lo que sabe y hasta de lo que ha vivido.<\/p>\n<p><strong>MEMORY<\/strong>\u00a0es el juego por el que Ema deber\u00e1 volver a sus recuerdos. Pues a medida que avanza por sus casillas, se encontrar\u00e1 con distintos personajes y elementos que la ayudar\u00e1n a reconstruir su propia historia y la historia de su abuela.<\/p>\n<p>&nbsp;<\/p>\n<p>&nbsp;<\/p>","protected":false},"excerpt":{"rendered":"<p>Despu\u00e9s de meses de clases telem\u00e1ticas, Ema se reencontrar\u00e1 con sus amigos y compa\u00f1eras de clase en un acto del colegio. Acto en el que debe presentar a la persona adulta a la que m\u00e1s admira: su abuela. Todo va bien, hasta que se queda en blanco. Se olvida de todo. De lo que tiene [&hellip;]<\/p>\n","protected":false},"author":2,"featured_media":439,"parent":41,"menu_order":4,"comment_status":"closed","ping_status":"closed","template":"page-ficha-pelicula.php","meta":{"_acf_changed":false,"footnotes":""},"class_list":["post-430","page","type-page","status-publish","has-post-thumbnail","hentry"],"acf":[],"_links":{"self":[{"href":"https:\/\/formacine.com\/en\/wp-json\/wp\/v2\/pages\/430"}],"collection":[{"href":"https:\/\/formacine.com\/en\/wp-json\/wp\/v2\/pages"}],"about":[{"href":"https:\/\/formacine.com\/en\/wp-json\/wp\/v2\/types\/page"}],"author":[{"embeddable":true,"href":"https:\/\/formacine.com\/en\/wp-json\/wp\/v2\/users\/2"}],"replies":[{"embeddable":true,"href":"https:\/\/formacine.com\/en\/wp-json\/wp\/v2\/comments?post=430"}],"version-history":[{"count":5,"href":"https:\/\/formacine.com\/en\/wp-json\/wp\/v2\/pages\/430\/revisions"}],"predecessor-version":[{"id":528,"href":"https:\/\/formacine.com\/en\/wp-json\/wp\/v2\/pages\/430\/revisions\/528"}],"up":[{"embeddable":true,"href":"https:\/\/formacine.com\/en\/wp-json\/wp\/v2\/pages\/41"}],"wp:featuredmedia":[{"embeddable":true,"href":"https:\/\/formacine.com\/en\/wp-json\/wp\/v2\/media\/439"}],"wp:attachment":[{"href":"https:\/\/formacine.com\/en\/wp-json\/wp\/v2\/media?parent=430"}],"curies":[{"name":"wp","href":"https:\/\/api.w.org\/{rel}","templated":true}]}}